{"id":991,"date":"2018-10-16T05:53:59","date_gmt":"2018-10-16T05:53:59","guid":{"rendered":"https:\/\/app.blv.foodcase-services.com\/interpretazione-dei-dati-sui-valori-nutritivi\/"},"modified":"2025-07-01T13:43:39","modified_gmt":"2025-07-01T11:43:39","slug":"interpretazione-dei-dati-sui-valori-nutritivi","status":"publish","type":"page","link":"https:\/\/naehrwertdaten.ch\/it\/interpretazione-dei-dati-sui-valori-nutritivi\/","title":{"rendered":"Interpretazione dei dati sui valori nutritivi"},"content":{"rendered":"<div class=\"fusion-fullwidth fullwidth-box fusion-builder-row-1 nonhundred-percent-fullwidth non-hundred-percent-height-scrolling\" style=\"background-color: #ffffff;background-position: center center;background-repeat: no-repeat;padding-top:60px;padding-right:0px;padding-bottom:60px;padding-left:0px;margin-bottom: 0px;border-width: 0px 0px 0px 0px;border-color:#eae9e9;border-style:solid;\" ><div class=\"fusion-builder-row fusion-row\"><div class=\"fusion-layout-column fusion_builder_column fusion-builder-column-0 fusion_builder_column_1_6 1_6 fusion-one-sixth fusion-column-first\" style=\"width:16.666666666667%;width:calc(16.666666666667% - ( ( 4% + 4% ) * 0.16666666666667 ) );margin-right: 4%;margin-top:0px;margin-bottom:20px;\"><div class=\"fusion-column-wrapper fusion-flex-column-wrapper-legacy\" style=\"background-position:left top;background-repeat:no-repeat;-webkit-background-size:cover;-moz-background-size:cover;-o-background-size:cover;background-size:cover;padding: 0px 0px 0px 0px;\"><div class=\"fusion-clearfix\"><\/div><\/div><\/div><div class=\"fusion-layout-column fusion_builder_column fusion-builder-column-1 fusion_builder_column_2_3 2_3 fusion-two-third\" style=\"width:66.666666666667%;width:calc(66.666666666667% - ( ( 4% + 4% ) * 0.66666666666667 ) );margin-right: 4%;margin-top:0px;margin-bottom:20px;\"><div class=\"fusion-column-wrapper fusion-flex-column-wrapper-legacy\" style=\"background-position:left top;background-repeat:no-repeat;-webkit-background-size:cover;-moz-background-size:cover;-o-background-size:cover;background-size:cover;padding: 0px 0px 0px 0px;\"><div class=\"fusion-text fusion-text-1\"><h2 class=\"font-color-red\" style=\"text-align: center;\">Interpretazione dei dati sui valori nutritivi<\/h2>\n<\/div><div class=\"fusion-sep-clear\"><\/div><div class=\"fusion-separator\" style=\"margin-left: auto;margin-right: auto;margin-bottom:30px;width:100%;max-width:123px;\"><div class=\"fusion-separator-border sep-single sep-solid\" style=\"border-color:#ed222f;border-top-width:8px;\"><\/div><\/div><div class=\"fusion-sep-clear\"><\/div><div class=\"fusion-text fusion-text-2\"><p>Tutte le indicazioni si riferiscono sempre a 100 g di parte commestibile. Le parti non commestibili come noccioli, semi, ossa ecc. non sono state incluse. Se non \u00e8 indicato differentemente, i dati si riferiscono all\u2019alimento fresco, non cotto e non lavorato.<\/p>\n<p>Qui di seguito alcuni esempi per una migliore comprensione:<\/p>\n<table style=\"margin-bottom: 15px;\">\n<tbody>\n<tr>\n<td width=\"130\">100 g banana<\/td>\n<td width=\"30\">=<\/td>\n<td>100 g banana sbucciata<\/td>\n<\/tr>\n<tr>\n<td>100 g pesca<\/td>\n<td>=<\/td>\n<td>100 g pesca senza nocciolo<\/td>\n<\/tr>\n<tr>\n<td>100 g ciliegie<\/td>\n<td>=<\/td>\n<td>100 g ciliegie senza nocciolo n\u00e9 gambo<\/td>\n<\/tr>\n<tr>\n<td>100 g noci<\/td>\n<td>=<\/td>\n<td>100 g noci sgusciate<\/td>\n<\/tr>\n<tr>\n<td>100 g cotoletta<\/td>\n<td>=<\/td>\n<td>100 g cotoletta senza osso<\/td>\n<\/tr>\n<tr>\n<td>100 g trota<\/td>\n<td>=<\/td>\n<td>100 g trota senza lische, testa, ecc.<\/td>\n<\/tr>\n<\/tbody>\n<\/table>\n<p>Per la maggior parte degli alimenti liquidi \u00e8 possibile consultare il tenore in sostanze nutritive per 100 ml selezionando \u00ab100 ml\u00bb nel campo \u00abSeleziona la dimensione delle porzioni\u00bb. Il tenore di sostanze nutritive per 100 g pu\u00f2 differire da quello per 100 ml se la densit\u00e0 dell\u2019alimento liquido non \u00e8 pari a 1. Ad esempio, una densit\u00e0 &gt;1 g\/ml significa che 100 ml pesano di pi\u00f9 di 100 g. In questo caso, il tenore di sostanze nutritive per 100 ml sar\u00e0 pi\u00f9 elevato rispetto a quello per 100 g.<\/p>\n<p>Tutte le indicazioni vanno intese quali valori medi e non grandezze assolute, poich\u00e9 il tenore di sostanze nutritive degli alimenti \u00e8 soggetto a fluttuazioni naturali. La composizione individuale di un alimento dipende da fattori come il clima, il grado di maturazione, la stagione, la provenienza, le condizioni di stoccaggio e di lavorazione, ecc.<\/p>\n<p>Nei prodotti lavorati come insaccati, latticini o prodotti da forno anche le diverse ricette causano differenze considerevoli nei valori nutritivi.<\/p>\n<p>La somma delle sostanze nutritive non \u00e8 sempre esattamente pari a 100 g. Questo pu\u00f2 essere dovuto al fatto che i dati provengono da analisi e\/o fonti diverse. Differenze pari a +\/- 5 % sono tollerate.<\/p>\n<p>La Banca svizzera dei valori nutritivi contiene diversi piatti (ad es. torta di mele o risotto) e alimenti (ad es. pane) per i quali sono stati calcolati i valori nutrizionali basandosi su una ricetta.. Laddove possibile, sono state utilizzate ricette standard comuni. Per alimenti pronti al consumo come pane, pasta per dolci o condimenti per insalate, le ricette sono state adattate in modo che i valori nutrizionali corrispondano ai prodotti industriali. Altri piatti sono stati calcolati secondo il ricettario e sono contrassegnati come &#8220;fatti in casa&#8221;. Le ricette con aggiunta di sale sono state calcolate con sale non iodato, salvo diversa indicazione.<\/p>\n<\/div><div class=\"fusion-clearfix\"><\/div><\/div><\/div><div class=\"fusion-layout-column fusion_builder_column fusion-builder-column-2 fusion_builder_column_1_6 1_6 fusion-one-sixth fusion-column-last heading-section\" style=\"width:16.666666666667%;width:calc(16.666666666667% - ( ( 4% + 4% ) * 0.16666666666667 ) );margin-top:0px;margin-bottom:20px;\"><div class=\"fusion-column-wrapper fusion-flex-column-wrapper-legacy\" style=\"background-position:left top;background-repeat:no-repeat;-webkit-background-size:cover;-moz-background-size:cover;-o-background-size:cover;background-size:cover;padding: 0px 0px 0px 0px;\"><div class=\"fusion-clearfix\"><\/div><\/div><\/div><\/div><\/div>\n","protected":false},"excerpt":{"rendered":"","protected":false},"author":2,"featured_media":0,"parent":0,"menu_order":0,"comment_status":"closed","ping_status":"closed","template":"100-width.php","meta":{"footnotes":""},"class_list":["post-991","page","type-page","status-publish","hentry"],"yoast_head":"<!-- This site is optimized with the Yoast SEO plugin v23.9 - https:\/\/yoast.com\/wordpress\/plugins\/seo\/ -->\n<title>Interpretazione dei dati sui valori nutritivi - The Swiss Food Composition Database<\/title>\n<meta name=\"robots\" content=\"index, follow, max-snippet:-1, max-image-preview:large, max-video-preview:-1\" \/>\n<link rel=\"canonical\" href=\"https:\/\/valeursnutritives.ch\/it\/interpretazione-dei-dati-sui-valori-nutritivi\/\" \/>\n<meta property=\"og:locale\" content=\"it_IT\" \/>\n<meta property=\"og:type\" content=\"article\" \/>\n<meta property=\"og:title\" content=\"Interpretazione dei dati sui valori nutritivi - The Swiss Food Composition Database\" \/>\n<meta property=\"og:url\" content=\"https:\/\/valeursnutritives.ch\/it\/interpretazione-dei-dati-sui-valori-nutritivi\/\" \/>\n<meta property=\"og:site_name\" content=\"The Swiss Food Composition Database\" \/>\n<meta property=\"article:modified_time\" content=\"2025-07-01T11:43:39+00:00\" \/>\n<meta name=\"twitter:card\" content=\"summary_large_image\" \/>\n<meta name=\"twitter:label1\" content=\"Tempo di lettura stimato\" \/>\n\t<meta name=\"twitter:data1\" content=\"4 minuti\" \/>\n<script type=\"application\/ld+json\" class=\"yoast-schema-graph\">{\"@context\":\"https:\/\/schema.org\",\"@graph\":[{\"@type\":\"WebPage\",\"@id\":\"https:\/\/valeursnutritives.ch\/it\/interpretazione-dei-dati-sui-valori-nutritivi\/\",\"url\":\"https:\/\/valeursnutritives.ch\/it\/interpretazione-dei-dati-sui-valori-nutritivi\/\",\"name\":\"Interpretazione dei dati sui valori nutritivi - The Swiss Food Composition Database\",\"isPartOf\":{\"@id\":\"https:\/\/webapp.prod.blv.foodcase-services.com\/it\/#website\"},\"datePublished\":\"2018-10-16T05:53:59+00:00\",\"dateModified\":\"2025-07-01T11:43:39+00:00\",\"breadcrumb\":{\"@id\":\"https:\/\/valeursnutritives.ch\/it\/interpretazione-dei-dati-sui-valori-nutritivi\/#breadcrumb\"},\"inLanguage\":\"it-IT\",\"potentialAction\":[{\"@type\":\"ReadAction\",\"target\":[\"https:\/\/valeursnutritives.ch\/it\/interpretazione-dei-dati-sui-valori-nutritivi\/\"]}]},{\"@type\":\"BreadcrumbList\",\"@id\":\"https:\/\/valeursnutritives.ch\/it\/interpretazione-dei-dati-sui-valori-nutritivi\/#breadcrumb\",\"itemListElement\":[{\"@type\":\"ListItem\",\"position\":1,\"name\":\"Home\",\"item\":\"https:\/\/webapp.prod.blv.foodcase-services.com\/it\/\"},{\"@type\":\"ListItem\",\"position\":2,\"name\":\"Interpretazione dei dati sui valori nutritivi\"}]},{\"@type\":\"WebSite\",\"@id\":\"https:\/\/webapp.prod.blv.foodcase-services.com\/it\/#website\",\"url\":\"https:\/\/webapp.prod.blv.foodcase-services.com\/it\/\",\"name\":\"The Swiss Food Composition Database\",\"description\":\"The Swiss Food Composition Database is a data collection of the Federal Food Safety and Veterinary Office FSVO on the composition of foods that are available in Switzerland.\",\"potentialAction\":[{\"@type\":\"SearchAction\",\"target\":{\"@type\":\"EntryPoint\",\"urlTemplate\":\"https:\/\/webapp.prod.blv.foodcase-services.com\/it\/?s={search_term_string}\"},\"query-input\":{\"@type\":\"PropertyValueSpecification\",\"valueRequired\":true,\"valueName\":\"search_term_string\"}}],\"inLanguage\":\"it-IT\"}]}<\/script>\n<!-- \/ Yoast SEO plugin. -->","yoast_head_json":{"title":"Interpretazione dei dati sui valori nutritivi - The Swiss Food Composition Database","robots":{"index":"index","follow":"follow","max-snippet":"max-snippet:-1","max-image-preview":"max-image-preview:large","max-video-preview":"max-video-preview:-1"},"canonical":"https:\/\/valeursnutritives.ch\/it\/interpretazione-dei-dati-sui-valori-nutritivi\/","og_locale":"it_IT","og_type":"article","og_title":"Interpretazione dei dati sui valori nutritivi - The Swiss Food Composition Database","og_url":"https:\/\/valeursnutritives.ch\/it\/interpretazione-dei-dati-sui-valori-nutritivi\/","og_site_name":"The Swiss Food Composition Database","article_modified_time":"2025-07-01T11:43:39+00:00","twitter_card":"summary_large_image","twitter_misc":{"Tempo di lettura stimato":"4 minuti"},"schema":{"@context":"https:\/\/schema.org","@graph":[{"@type":"WebPage","@id":"https:\/\/valeursnutritives.ch\/it\/interpretazione-dei-dati-sui-valori-nutritivi\/","url":"https:\/\/valeursnutritives.ch\/it\/interpretazione-dei-dati-sui-valori-nutritivi\/","name":"Interpretazione dei dati sui valori nutritivi - The Swiss Food Composition Database","isPartOf":{"@id":"https:\/\/webapp.prod.blv.foodcase-services.com\/it\/#website"},"datePublished":"2018-10-16T05:53:59+00:00","dateModified":"2025-07-01T11:43:39+00:00","breadcrumb":{"@id":"https:\/\/valeursnutritives.ch\/it\/interpretazione-dei-dati-sui-valori-nutritivi\/#breadcrumb"},"inLanguage":"it-IT","potentialAction":[{"@type":"ReadAction","target":["https:\/\/valeursnutritives.ch\/it\/interpretazione-dei-dati-sui-valori-nutritivi\/"]}]},{"@type":"BreadcrumbList","@id":"https:\/\/valeursnutritives.ch\/it\/interpretazione-dei-dati-sui-valori-nutritivi\/#breadcrumb","itemListElement":[{"@type":"ListItem","position":1,"name":"Home","item":"https:\/\/webapp.prod.blv.foodcase-services.com\/it\/"},{"@type":"ListItem","position":2,"name":"Interpretazione dei dati sui valori nutritivi"}]},{"@type":"WebSite","@id":"https:\/\/webapp.prod.blv.foodcase-services.com\/it\/#website","url":"https:\/\/webapp.prod.blv.foodcase-services.com\/it\/","name":"The Swiss Food Composition Database","description":"The Swiss Food Composition Database is a data collection of the Federal Food Safety and Veterinary Office FSVO on the composition of foods that are available in Switzerland.","potentialAction":[{"@type":"SearchAction","target":{"@type":"EntryPoint","urlTemplate":"https:\/\/webapp.prod.blv.foodcase-services.com\/it\/?s={search_term_string}"},"query-input":{"@type":"PropertyValueSpecification","valueRequired":true,"valueName":"search_term_string"}}],"inLanguage":"it-IT"}]}},"_links":{"self":[{"href":"https:\/\/naehrwertdaten.ch\/it\/wp-json\/wp\/v2\/pages\/991","targetHints":{"allow":["GET"]}}],"collection":[{"href":"https:\/\/naehrwertdaten.ch\/it\/wp-json\/wp\/v2\/pages"}],"about":[{"href":"https:\/\/naehrwertdaten.ch\/it\/wp-json\/wp\/v2\/types\/page"}],"author":[{"embeddable":true,"href":"https:\/\/naehrwertdaten.ch\/it\/wp-json\/wp\/v2\/users\/2"}],"replies":[{"embeddable":true,"href":"https:\/\/naehrwertdaten.ch\/it\/wp-json\/wp\/v2\/comments?post=991"}],"version-history":[{"count":7,"href":"https:\/\/naehrwertdaten.ch\/it\/wp-json\/wp\/v2\/pages\/991\/revisions"}],"predecessor-version":[{"id":2326,"href":"https:\/\/naehrwertdaten.ch\/it\/wp-json\/wp\/v2\/pages\/991\/revisions\/2326"}],"wp:attachment":[{"href":"https:\/\/naehrwertdaten.ch\/it\/wp-json\/wp\/v2\/media?parent=991"}],"curies":[{"name":"wp","href":"https:\/\/api.w.org\/{rel}","templated":true}]}}