{"id":978,"date":"2018-10-16T05:42:15","date_gmt":"2018-10-16T05:42:15","guid":{"rendered":"https:\/\/app.blv.foodcase-services.com\/?page_id=978"},"modified":"2025-07-01T14:57:20","modified_gmt":"2025-07-01T12:57:20","slug":"interpretation-von-naehrwertangaben","status":"publish","type":"page","link":"https:\/\/naehrwertdaten.ch\/de\/interpretation-von-naehrwertangaben\/","title":{"rendered":"Interpretation von N\u00e4hrwertangaben"},"content":{"rendered":"<div class=\"fusion-fullwidth fullwidth-box fusion-builder-row-1 nonhundred-percent-fullwidth non-hundred-percent-height-scrolling\" style=\"background-color: #ffffff;background-position: center center;background-repeat: no-repeat;padding-top:60px;padding-right:0px;padding-bottom:60px;padding-left:0px;margin-bottom: 0px;border-width: 0px 0px 0px 0px;border-color:#eae9e9;border-style:solid;\" ><div class=\"fusion-builder-row fusion-row\"><div class=\"fusion-layout-column fusion_builder_column fusion-builder-column-0 fusion_builder_column_1_6 1_6 fusion-one-sixth fusion-column-first\" style=\"width:16.666666666667%;width:calc(16.666666666667% - ( ( 4% + 4% ) * 0.16666666666667 ) );margin-right: 4%;margin-top:0px;margin-bottom:20px;\"><div class=\"fusion-column-wrapper fusion-flex-column-wrapper-legacy\" style=\"background-position:left top;background-repeat:no-repeat;-webkit-background-size:cover;-moz-background-size:cover;-o-background-size:cover;background-size:cover;padding: 0px 0px 0px 0px;\"><div class=\"fusion-clearfix\"><\/div><\/div><\/div><div class=\"fusion-layout-column fusion_builder_column fusion-builder-column-1 fusion_builder_column_2_3 2_3 fusion-two-third\" style=\"width:66.666666666667%;width:calc(66.666666666667% - ( ( 4% + 4% ) * 0.66666666666667 ) );margin-right: 4%;margin-top:0px;margin-bottom:20px;\"><div class=\"fusion-column-wrapper fusion-flex-column-wrapper-legacy\" style=\"background-position:left top;background-repeat:no-repeat;-webkit-background-size:cover;-moz-background-size:cover;-o-background-size:cover;background-size:cover;padding: 0px 0px 0px 0px;\"><div class=\"fusion-text fusion-text-1\"><h2 class=\"font-color-red\" style=\"text-align: center;\">Interpretation von N\u00e4hrwertangaben<\/h2>\n<\/div><div class=\"fusion-sep-clear\"><\/div><div class=\"fusion-separator\" style=\"margin-left: auto;margin-right: auto;margin-bottom:30px;width:100%;max-width:123px;\"><div class=\"fusion-separator-border sep-single sep-solid\" style=\"border-color:#e53329;border-top-width:8px;\"><\/div><\/div><div class=\"fusion-sep-clear\"><\/div><div class=\"fusion-text fusion-text-2\"><p>S\u00e4mtliche Angaben beziehen sich jeweils auf 100 g essbaren Anteil. Nicht essbare Anteile wie Steine, Kerne, Knochen usw. werden nicht eingerechnet. Sofern nicht anders vermerkt, beziehen sich alle Angaben auf frische, ungekochte, unverarbeitete Lebensmittel.<\/p>\n<p>Nachfolgend einige Beispiele zum besseren Verst\u00e4ndnis:<\/p>\n<table style=\"margin-bottom: 15px;\">\n<tbody>\n<tr>\n<td width=\"130px\">100 g Banane<\/td>\n<td width=\"30px\">=<\/td>\n<td>100 g gesch\u00e4lte Banane<\/td>\n<\/tr>\n<tr>\n<td>100 g Pfirsich<\/td>\n<td>=<\/td>\n<td>100 g Pfirsich ohne Stein<\/td>\n<\/tr>\n<tr>\n<td>100 g Kirschen<\/td>\n<td>=<\/td>\n<td>100 g Kirschen ohne Stein und St\u00e4ngel<\/td>\n<\/tr>\n<tr>\n<td>100 g Baumn\u00fcsse<\/td>\n<td>=<\/td>\n<td>100 g gesch\u00e4lte Baumn\u00fcsse<\/td>\n<\/tr>\n<tr>\n<td>100 g Kotelett<\/td>\n<td>=<\/td>\n<td>100 g Kotelett ohne Knochen<\/td>\n<\/tr>\n<tr>\n<td>100 g Forelle<\/td>\n<td>=<\/td>\n<td>100 g Forelle ohne Gr\u00e4ten, Kopf etc.<\/td>\n<\/tr>\n<\/tbody>\n<\/table>\n<p>Bei den meisten fl\u00fcssigen Lebensmitteln kann man auch den N\u00e4hrstoffgehalt pro 100 ml abfragen, indem man im Feld \u201ePortionsgr\u00f6sse w\u00e4hlen\u201c \u201e100 ml\u201c ausw\u00e4hlt. Der N\u00e4hrstoffgehalt pro 100 g kann von dem pro 100 ml abweichen, wenn die Dichte des fl\u00fcssigen Lebensmittels nicht 1 ist. Eine Dichte &gt;1 g\/ml bedeutet z. B., dass 100 ml mehr als 100 g wiegen. In einem solchen Fall ist der N\u00e4hrstoffgehalt pro 100 ml h\u00f6her als pro 100 g.<\/p>\n<p>S\u00e4mtliche Angaben sind als Durchschnittswerte und nicht als absolute Gr\u00f6ssen zu verstehen, weil der N\u00e4hrstoffgehalt von Lebensmitteln nat\u00fcrlichen Schwankungen unterliegt. Die individuelle Zusammensetzung eines Lebensmittels h\u00e4ngt von Faktoren wie Klima, Reifegrad, Jahreszeit, Herkunft, Sorte, F\u00fctterung, Lagerungs- und Verarbeitungsbedingungen usw. ab.<\/p>\n<p>Bei verarbeiteten Produkten wie Wurstwaren, Milchprodukten oder Geb\u00e4ck f\u00fchren auch die verschiedenen Rezepturen zu erheblichen Differenzen bei den N\u00e4hrwerten.<\/p>\n<p>Die Summe der N\u00e4hrstoffe ergibt nicht immer genau 100g. Dies kann verschiedene Gr\u00fcnde haben. Es kann sein, dass die einzelnen Angaben aus verschiedenen Analysen und\/oder Quellen stammen. Abweichungen von +\/- 5% werden dabei toleriert.<\/p>\n<p>Die Schweizer N\u00e4hrwertdatenbank enth\u00e4lt verschiedene Gerichte (z.B. Apfelkuchen oder Risotto) und Lebensmittel (z.B. Brote), f\u00fcr welche die N\u00e4hrwerte auf der Grundlage eines Rezeptes berechnet wurden. Dabei wurden wenn m\u00f6glich g\u00e4ngige Standardrezepte verwendet. Bei verzehrfertig gekauften Lebensmitteln wie Brot, Kuchenteig oder Salatsauce wurden die Rezepte so angepasst, dass die N\u00e4hrwerte industriell hergestellten Produkten entsprechen. Andere Gerichte wurden gem\u00e4ss Rezeptbuch berechnet und sind als &#8222;hausgemacht&#8220; gekennzeichnet. Rezepte mit Salz-Zugabe wurden jeweils, wenn nicht anders erw\u00e4hnt, mit unjodiertem Salz berechnet.<\/p>\n<\/div><div class=\"fusion-clearfix\"><\/div><\/div><\/div><div class=\"fusion-layout-column fusion_builder_column fusion-builder-column-2 fusion_builder_column_1_6 1_6 fusion-one-sixth fusion-column-last heading-section\" style=\"width:16.666666666667%;width:calc(16.666666666667% - ( ( 4% + 4% ) * 0.16666666666667 ) );margin-top:0px;margin-bottom:20px;\"><div class=\"fusion-column-wrapper fusion-flex-column-wrapper-legacy\" style=\"background-position:left top;background-repeat:no-repeat;-webkit-background-size:cover;-moz-background-size:cover;-o-background-size:cover;background-size:cover;padding: 0px 0px 0px 0px;\"><div class=\"fusion-clearfix\"><\/div><\/div><\/div><\/div><\/div>\n","protected":false},"excerpt":{"rendered":"","protected":false},"author":2,"featured_media":0,"parent":0,"menu_order":0,"comment_status":"closed","ping_status":"closed","template":"100-width.php","meta":{"footnotes":""},"class_list":["post-978","page","type-page","status-publish","hentry"],"yoast_head":"<!-- This site is optimized with the Yoast SEO plugin v23.9 - https:\/\/yoast.com\/wordpress\/plugins\/seo\/ -->\n<title>Interpretation von N\u00e4hrwertangaben - The Swiss Food Composition Database<\/title>\n<meta name=\"robots\" content=\"index, follow, max-snippet:-1, max-image-preview:large, max-video-preview:-1\" \/>\n<link rel=\"canonical\" href=\"https:\/\/valorinutritivi.ch\/de\/interpretation-von-naehrwertangaben\/\" \/>\n<meta property=\"og:locale\" content=\"de_DE\" \/>\n<meta property=\"og:type\" content=\"article\" \/>\n<meta property=\"og:title\" content=\"Interpretation von N\u00e4hrwertangaben - The Swiss Food Composition Database\" \/>\n<meta property=\"og:url\" content=\"https:\/\/valorinutritivi.ch\/de\/interpretation-von-naehrwertangaben\/\" \/>\n<meta property=\"og:site_name\" content=\"The Swiss Food Composition Database\" \/>\n<meta property=\"article:modified_time\" content=\"2025-07-01T12:57:20+00:00\" \/>\n<meta name=\"twitter:card\" content=\"summary_large_image\" \/>\n<meta name=\"twitter:label1\" content=\"Gesch\u00e4tzte Lesezeit\" \/>\n\t<meta name=\"twitter:data1\" content=\"3\u00a0Minuten\" \/>\n<script type=\"application\/ld+json\" class=\"yoast-schema-graph\">{\"@context\":\"https:\/\/schema.org\",\"@graph\":[{\"@type\":\"WebPage\",\"@id\":\"https:\/\/valorinutritivi.ch\/de\/interpretation-von-naehrwertangaben\/\",\"url\":\"https:\/\/valorinutritivi.ch\/de\/interpretation-von-naehrwertangaben\/\",\"name\":\"Interpretation von N\u00e4hrwertangaben - The Swiss Food Composition Database\",\"isPartOf\":{\"@id\":\"https:\/\/valeursnutritives.ch\/de\/#website\"},\"datePublished\":\"2018-10-16T05:42:15+00:00\",\"dateModified\":\"2025-07-01T12:57:20+00:00\",\"breadcrumb\":{\"@id\":\"https:\/\/valorinutritivi.ch\/de\/interpretation-von-naehrwertangaben\/#breadcrumb\"},\"inLanguage\":\"de\",\"potentialAction\":[{\"@type\":\"ReadAction\",\"target\":[\"https:\/\/valorinutritivi.ch\/de\/interpretation-von-naehrwertangaben\/\"]}]},{\"@type\":\"BreadcrumbList\",\"@id\":\"https:\/\/valorinutritivi.ch\/de\/interpretation-von-naehrwertangaben\/#breadcrumb\",\"itemListElement\":[{\"@type\":\"ListItem\",\"position\":1,\"name\":\"Home\",\"item\":\"https:\/\/valorinutritivi.ch\/de\/\"},{\"@type\":\"ListItem\",\"position\":2,\"name\":\"Interpretation von N\u00e4hrwertangaben\"}]},{\"@type\":\"WebSite\",\"@id\":\"https:\/\/valeursnutritives.ch\/de\/#website\",\"url\":\"https:\/\/valeursnutritives.ch\/de\/\",\"name\":\"The Swiss Food Composition Database\",\"description\":\"The Swiss Food Composition Database is a data collection of the Federal Food Safety and Veterinary Office FSVO on the composition of foods that are available in Switzerland.\",\"potentialAction\":[{\"@type\":\"SearchAction\",\"target\":{\"@type\":\"EntryPoint\",\"urlTemplate\":\"https:\/\/valeursnutritives.ch\/de\/?s={search_term_string}\"},\"query-input\":{\"@type\":\"PropertyValueSpecification\",\"valueRequired\":true,\"valueName\":\"search_term_string\"}}],\"inLanguage\":\"de\"}]}<\/script>\n<!-- \/ Yoast SEO plugin. -->","yoast_head_json":{"title":"Interpretation von N\u00e4hrwertangaben - The Swiss Food Composition Database","robots":{"index":"index","follow":"follow","max-snippet":"max-snippet:-1","max-image-preview":"max-image-preview:large","max-video-preview":"max-video-preview:-1"},"canonical":"https:\/\/valorinutritivi.ch\/de\/interpretation-von-naehrwertangaben\/","og_locale":"de_DE","og_type":"article","og_title":"Interpretation von N\u00e4hrwertangaben - The Swiss Food Composition Database","og_url":"https:\/\/valorinutritivi.ch\/de\/interpretation-von-naehrwertangaben\/","og_site_name":"The Swiss Food Composition Database","article_modified_time":"2025-07-01T12:57:20+00:00","twitter_card":"summary_large_image","twitter_misc":{"Gesch\u00e4tzte Lesezeit":"3\u00a0Minuten"},"schema":{"@context":"https:\/\/schema.org","@graph":[{"@type":"WebPage","@id":"https:\/\/valorinutritivi.ch\/de\/interpretation-von-naehrwertangaben\/","url":"https:\/\/valorinutritivi.ch\/de\/interpretation-von-naehrwertangaben\/","name":"Interpretation von N\u00e4hrwertangaben - The Swiss Food Composition Database","isPartOf":{"@id":"https:\/\/valeursnutritives.ch\/de\/#website"},"datePublished":"2018-10-16T05:42:15+00:00","dateModified":"2025-07-01T12:57:20+00:00","breadcrumb":{"@id":"https:\/\/valorinutritivi.ch\/de\/interpretation-von-naehrwertangaben\/#breadcrumb"},"inLanguage":"de","potentialAction":[{"@type":"ReadAction","target":["https:\/\/valorinutritivi.ch\/de\/interpretation-von-naehrwertangaben\/"]}]},{"@type":"BreadcrumbList","@id":"https:\/\/valorinutritivi.ch\/de\/interpretation-von-naehrwertangaben\/#breadcrumb","itemListElement":[{"@type":"ListItem","position":1,"name":"Home","item":"https:\/\/valorinutritivi.ch\/de\/"},{"@type":"ListItem","position":2,"name":"Interpretation von N\u00e4hrwertangaben"}]},{"@type":"WebSite","@id":"https:\/\/valeursnutritives.ch\/de\/#website","url":"https:\/\/valeursnutritives.ch\/de\/","name":"The Swiss Food Composition Database","description":"The Swiss Food Composition Database is a data collection of the Federal Food Safety and Veterinary Office FSVO on the composition of foods that are available in Switzerland.","potentialAction":[{"@type":"SearchAction","target":{"@type":"EntryPoint","urlTemplate":"https:\/\/valeursnutritives.ch\/de\/?s={search_term_string}"},"query-input":{"@type":"PropertyValueSpecification","valueRequired":true,"valueName":"search_term_string"}}],"inLanguage":"de"}]}},"_links":{"self":[{"href":"https:\/\/naehrwertdaten.ch\/de\/wp-json\/wp\/v2\/pages\/978","targetHints":{"allow":["GET"]}}],"collection":[{"href":"https:\/\/naehrwertdaten.ch\/de\/wp-json\/wp\/v2\/pages"}],"about":[{"href":"https:\/\/naehrwertdaten.ch\/de\/wp-json\/wp\/v2\/types\/page"}],"author":[{"embeddable":true,"href":"https:\/\/naehrwertdaten.ch\/de\/wp-json\/wp\/v2\/users\/2"}],"replies":[{"embeddable":true,"href":"https:\/\/naehrwertdaten.ch\/de\/wp-json\/wp\/v2\/comments?post=978"}],"version-history":[{"count":7,"href":"https:\/\/naehrwertdaten.ch\/de\/wp-json\/wp\/v2\/pages\/978\/revisions"}],"predecessor-version":[{"id":2334,"href":"https:\/\/naehrwertdaten.ch\/de\/wp-json\/wp\/v2\/pages\/978\/revisions\/2334"}],"wp:attachment":[{"href":"https:\/\/naehrwertdaten.ch\/de\/wp-json\/wp\/v2\/media?parent=978"}],"curies":[{"name":"wp","href":"https:\/\/api.w.org\/{rel}","templated":true}]}}