{"id":491,"date":"2018-03-31T12:18:55","date_gmt":"2018-03-31T12:18:55","guid":{"rendered":"https:\/\/app.blv.foodcase-services.com\/home\/"},"modified":"2025-07-01T16:22:21","modified_gmt":"2025-07-01T14:22:21","slug":"home","status":"publish","type":"page","link":"https:\/\/naehrwertdaten.ch\/de\/","title":{"rendered":"Home"},"content":{"rendered":"<p><div class=\"fusion-fullwidth fullwidth-box fusion-builder-row-1 faded-background fusion-parallax-fixed nonhundred-percent-fullwidth non-hundred-percent-height-scrolling\" style=\"background-position: center center;background-repeat: no-repeat;padding-top:175px;padding-right:0px;padding-bottom:135px;padding-left:0px;margin-bottom: 0px;margin-top: 0px;border-width: 0px 0px 0px 0px;border-color:#eae9e9;border-style:solid;-webkit-background-size:cover;-moz-background-size:cover;-o-background-size:cover;background-size:cover;background-attachment:fixed;\" ><div class=\"fullwidth-faded\" style=\"background-attachment:fixed;background-color:#f6f6f6;background-image: url(https:\/\/naehrwertdaten.ch\/wp-content\/uploads\/2020\/09\/home-page-image.jpg);background-position:center center;background-repeat:no-repeat;-webkit-background-size:cover;-moz-background-size:cover;-o-background-size:cover;background-size:cover;\" ><\/div><div class=\"fusion-builder-row fusion-row\"><div class=\"fusion-layout-column fusion_builder_column fusion-builder-column-0 fusion_builder_column_1_1 1_1 fusion-one-full fusion-column-first fusion-column-last home-header-box fusion-animated\" style=\"margin-top:0px;margin-bottom:20px;\" data-animationType=\"fadeIn\" data-animationDuration=\"0.3\" data-animationOffset=\"top-into-view\"><div class=\"fusion-column-wrapper fusion-flex-column-wrapper-legacy\" style=\"background-position:left top;background-repeat:no-repeat;-webkit-background-size:cover;-moz-background-size:cover;-o-background-size:cover;background-size:cover;padding: 0px 0px 0px 0px;\"><div class=\"fusion-text fusion-text-1\"><h1>Die Schweizer<br \/>\nN\u00e4hrwertdatenbank<\/h1>\n<\/div><div class=\"fusion-text fusion-text-2\"><p>Die Schweizer N\u00e4hrwertdatenbank ist eine Datensammlung des Bundesamtes f\u00fcr Lebensmittelsicherheit und Veterin\u00e4rwesen BLV \u00fcber die Zusammensetzung von in der Schweiz erh\u00e4ltlichen Lebensmitteln.<\/p>\n<\/div><form class=\"search-box\" id=\"homesearchform\">\n    <input id=\"homesearchformsearcher\" placeholder=\"Name oder ID des Lebensmittels\" type=\"text\">\n    <button class=\"search-button\">\n        <i class=\"fa fa-search\"><\/i>\n    <\/button>\n<\/form><div class=\"fusion-clearfix\"><\/div><\/div><\/div><\/div><\/div><div class=\"fusion-fullwidth fullwidth-box fusion-builder-row-2 premotec-equal-height-columns-container nonhundred-percent-fullwidth non-hundred-percent-height-scrolling\" style=\"background-color: #f6f6f6;background-position: center center;background-repeat: no-repeat;padding-top:0px;padding-right:0px;padding-bottom:0px;padding-left:0px;margin-bottom: 0px;margin-top: 0px;border-width: 0px 0px 0px 0px;border-color:#eae9e9;border-style:solid;\" ><div class=\"fusion-builder-row fusion-row\"><div class=\"fusion-layout-column fusion_builder_column fusion-builder-column-1 fusion_builder_column_1_3 1_3 fusion-one-third fusion-column-first hover-column premotec-equal-height-column\" style=\"width:33.333333333333%;width:calc(33.333333333333% - ( ( 0% + 0% ) * 0.33333333333333 ) );margin-right: 0%;margin-top:0px;margin-bottom:20px;\"><div class=\"fusion-column-wrapper fusion-flex-column-wrapper-legacy\" style=\"background-position:left top;background-repeat:no-repeat;-webkit-background-size:cover;-moz-background-size:cover;-o-background-size:cover;background-size:cover;background-color:#ffffff;padding: 35px 35px 35px 35px;\"><div class=\"fusion-text fusion-text-3\"><p><span style=\"color: #ed222f; font-size: 25px; letter-spacing: 1px;\">Schweizer Datensammlung<\/span><\/p>\n<p>Die Schweizer N\u00e4hrwertdatenbank enth\u00e4lt Informationen \u00fcber die Zusammensetzung von in der Schweiz erh\u00e4ltlichen Lebensmitteln. Die Datenbank wird vom Bundesamt f\u00fcr Lebensmittelsicherheit und Veterin\u00e4rwesen BLV betrieben.<\/p>\n<\/div><div class=\"fusion-clearfix\"><\/div><\/div><\/div><div class=\"fusion-layout-column fusion_builder_column fusion-builder-column-2 fusion_builder_column_1_3 1_3 fusion-one-third hover-column-middle premotec-equal-height-column\" style=\"width:33.333333333333%;width:calc(33.333333333333% - ( ( 0% + 0% ) * 0.33333333333333 ) );margin-right: 0%;margin-top:0px;margin-bottom:20px;\"><div class=\"fusion-column-wrapper fusion-flex-column-wrapper-legacy\" style=\"background-position:left top;background-repeat:no-repeat;-webkit-background-size:cover;-moz-background-size:cover;-o-background-size:cover;background-size:cover;background-color:#ed222f;padding: 35px 35px 35px 35px;\"><div class=\"fusion-text fusion-text-4\"><p><span class=\"turn-red\" style=\"font-size: 25px; letter-spacing: 1px;\">Kostenlos<\/span><\/p>\n<p><span class=\"turn-black\">Das Bundesamt f\u00fcr Lebensmittelsicherheit und Veterin\u00e4rwesen BLV stellt die Daten allen Interessierten in vier Sprachen (Deutsch, Franz\u00f6sisch, Italienisch, Englisch) und kostenlos zur Verf\u00fcgung. Die Daten d\u00fcrfen unter Quellenangabe auch f\u00fcr kommerzielle (z.B. Einbindung in N\u00e4hrwertberechnungssoftware oder Ern\u00e4hrungstagebuch-App) und wissenschaftliche Zwecke verwendet werden.<\/span><\/p>\n<\/div><div class=\"fusion-clearfix\"><\/div><\/div><\/div><div class=\"fusion-layout-column fusion_builder_column fusion-builder-column-3 fusion_builder_column_1_3 1_3 fusion-one-third fusion-column-last hover-column premotec-equal-height-column\" style=\"width:33.333333333333%;width:calc(33.333333333333% - ( ( 0% + 0% ) * 0.33333333333333 ) );margin-top:0px;margin-bottom:20px;\"><div class=\"fusion-column-wrapper fusion-flex-column-wrapper-legacy\" style=\"background-position:left top;background-repeat:no-repeat;-webkit-background-size:cover;-moz-background-size:cover;-o-background-size:cover;background-size:cover;background-color:#ffffff;padding: 35px 35px 35px 35px;\"><div class=\"fusion-text fusion-text-5\"><p><span style=\"color: #ed222f; font-size: 25px; letter-spacing: 1px;\">&gt;1\u2018200 Lebensmittel<\/span><\/p>\n<p>Die aktuelle Version der Schweizer N\u00e4hrwertdatenbank (V 7.0) enth\u00e4lt Informationen zu 1220 Lebensmittel. Von allen Lebensmitteln sind vollst\u00e4ndige Angaben zu den Makron\u00e4hrstoffen (Fett, ges\u00e4ttigte Fetts\u00e4uren, Kohlenhydrate, Zucker, Nahrungsfasern, Protein) sowie zu Wasser-, Alkohol- und Energiegehalt vorhanden. Zus\u00e4tzlich wird f\u00fcr die meisten Lebensmittel auch der Gehalt an Mikron\u00e4hrstoffen (Vitamine, Mineralstoffe) sowie die Zusammensetzung der Fette (Fetts\u00e4uregruppen) und die wichtigsten Fetts\u00e4uren aufgef\u00fchrt.<\/p>\n<\/div><div class=\"fusion-clearfix\"><\/div><\/div><\/div><div class=\"fusion-layout-column fusion_builder_column fusion-builder-column-4 fusion_builder_column_1_1 1_1 fusion-one-full fusion-column-first fusion-column-last\" style=\"margin-top:0px;margin-bottom:0px;\"><div class=\"fusion-column-wrapper fusion-flex-column-wrapper-legacy\" style=\"background-position:left top;background-repeat:no-repeat;-webkit-background-size:cover;-moz-background-size:cover;-o-background-size:cover;background-size:cover;padding: 0px 0px 0px 0px;\"><div class=\"fusion-sep-clear\"><\/div><div class=\"fusion-separator fusion-full-width-sep\" style=\"margin-left: auto;margin-right: auto;margin-top:70px;width:100%;\"><\/div><div class=\"fusion-sep-clear\"><\/div><script>\nfunction setEqualHeightInfoColumns(){\n\tvar maxHeight = 0; \n    var columns = jQuery('.premotec-equal-height-columns-container .premotec-equal-height-column .fusion-column-wrapper'); \t\n    columns.each(function(){\n      \tif(jQuery(this).outerHeight() > maxHeight){\n      \t\tmaxHeight = jQuery(this).outerHeight()\n      \t}\n    }); \n    columns.outerHeight(maxHeight);\n}\n\njQuery(window).ready(function(){\n\tsetTimeout(function(){setEqualHeightInfoColumns()},0)\n});\n\njQuery(window).resize(function(){\n\tjQuery('.premotec-equal-height-columns-container .premotec-equal-height-column .fusion-column-wrapper').height('auto');\n\tsetTimeout(function(){setEqualHeightInfoColumns()},0)\n});\n\njQuery(window).scroll(function(){\n    jQuery(\".tp-caption\").css(\"opacity\", 1 - jQuery(window).scrollTop() \/ 500);\n  });\njQuery(\".hover-column\").hover(\n\tfunction(){\n\t\tjQuery(this).find(\".fusion-column-wrapper\").addClass(\"red-hover\");\n\t\tjQuery(\".hover-column-middle\").find(\".fusion-column-wrapper\").addClass(\"white-hover\");\n\t},\n\tfunction(){\t\n\t\tjQuery(this).find(\".fusion-column-wrapper\").removeClass(\"red-hover\");\n\t\tjQuery(\".hover-column-middle\").find(\".fusion-column-wrapper\").removeClass(\"white-hover\");\n\t}\n);\n<\/script><div class=\"fusion-clearfix\"><\/div><\/div><\/div><\/div><\/div><div class=\"fusion-fullwidth fullwidth-box fusion-builder-row-3 fusion-parallax-none user-benefits-section nonhundred-percent-fullwidth hundred-percent-height hundred-percent-height-center-content non-hundred-percent-height-scrolling fusion-equal-height-columns\" style=\"background-color: #ffffff;background-image: url(&quot;https:\/\/naehrwertdaten.ch\/wp-content\/uploads\/2018\/04\/happy-family-swiss-food-comosition-database-1400x475.jpg&quot;);background-position: center center;background-repeat: no-repeat;padding-top:0px;padding-right:0px;padding-bottom:0px;padding-left:165px;margin-bottom: 0px;margin-top: 0px;border-width: 0px 0px 0px 0px;border-color:#eae9e9;border-style:solid;-webkit-background-size:cover;-moz-background-size:cover;-o-background-size:cover;background-size:cover;\" id=\"desktop\" ><div class=\"fusion-fullwidth-center-content\"><div class=\"fusion-builder-row fusion-row\"><div class=\"fusion-layout-column fusion_builder_column fusion-builder-column-5 fusion_builder_column_1_2 1_2 fusion-one-half fusion-column-first no-left-paddings\" style=\"width:50%;width:calc(50% - ( ( 4% ) * 0.5 ) );margin-right: 4%;margin-top:0px;margin-bottom:20px;\"><div class=\"fusion-column-wrapper fusion-flex-column-wrapper-legacy\" style=\"background-position:left top;background-repeat:no-repeat;-webkit-background-size:cover;-moz-background-size:cover;-o-background-size:cover;background-size:cover;background-color:#ffffff;padding: 0px 0px 0px 0px;\"><div class=\"fusion-sep-clear\"><\/div><div class=\"fusion-separator fusion-full-width-sep\" style=\"margin-left: auto;margin-right: auto;margin-top:100px;width:100%;\"><\/div><div class=\"fusion-sep-clear\"><\/div><div class=\"fusion-text fusion-text-6\"><h1>Lebensmittel suchen, anzeigen und vergleichen<\/h1>\n<\/div><div class=\"fusion-sep-clear\"><\/div><div class=\"fusion-separator fusion-clearfix\" style=\"float:left;margin-top:25px;margin-bottom:30px;width:100%;max-width:123px;\"><div class=\"fusion-separator-border sep-single sep-solid\" style=\"border-color:#ed222f;border-top-width:8px;\"><\/div><\/div><div class=\"fusion-sep-clear\"><\/div><div class=\"fusion-text fusion-text-7\"><p><span style=\"color: #777777; font-size: 19px;\">Auf www.naehrwertdaten.ch k\u00f6nnen Lebensmittel nach Namen, Synonymen, Lebensmittelkategorien, N\u00e4hrstoffgehalt oder einer Kombination davon gesucht werden. Die Daten werden in grafischer und tabellarischer Form dargestellt. Die Webseite erm\u00f6glicht auch den Vergleich der N\u00e4hrstoffgehalte verschiedener Lebensmittel<\/span><\/p>\n<\/div><div class=\"fusion-clearfix\"><\/div><\/div><\/div><div class=\"fusion-layout-column fusion_builder_column fusion-builder-column-6 fusion_builder_column_1_2 1_2 fusion-one-half fusion-column-last\" style=\"width:50%;width:calc(50% - ( ( 4% ) * 0.5 ) );margin-top:0px;margin-bottom:0px;\"><div class=\"fusion-column-wrapper fusion-flex-column-wrapper-legacy\" style=\"background-image: url(&#039;https:\/\/naehrwertdaten.ch\/wp-content\/uploads\/2018\/04\/sf-home-transparent.png&#039;);background-position:left top;background-repeat:no-repeat;-webkit-background-size:cover;-moz-background-size:cover;-o-background-size:cover;background-size:cover;padding: 0px 0px 0px 0px;\" data-bg-url=\"https:\/\/naehrwertdaten.ch\/wp-content\/uploads\/2018\/04\/sf-home-transparent.png\"><div class=\"fusion-sep-clear\"><\/div><div class=\"fusion-separator fusion-full-width-sep\" style=\"margin-left: auto;margin-right: auto;margin-top:605px;width:100%;\"><\/div><div class=\"fusion-sep-clear\"><\/div><div class=\"fusion-clearfix\"><\/div><\/div><\/div><\/div><\/div><\/div><div class=\"fusion-fullwidth fullwidth-box fusion-builder-row-4 hundred-percent-fullwidth hundred-percent-height hundred-percent-height-center-content non-hundred-percent-height-scrolling fusion-equal-height-columns\" style=\"background-color: #ffffff;background-position: center center;background-repeat: no-repeat;padding-top:0px;padding-right:0px;padding-bottom:0px;padding-left:165px;margin-bottom: 0px;margin-top: 0px;border-width: 0px 0px 0px 0px;border-color:#eae9e9;border-style:solid;\" id=\"mobile\" ><div class=\"fusion-fullwidth-center-content\"><div class=\"fusion-builder-row fusion-row\"><div class=\"fusion-layout-column fusion_builder_column fusion-builder-column-7 fusion_builder_column_1_2 1_2 fusion-one-half fusion-column-first no-left-paddings\" style=\"width:50%;width:calc(50% - ( ( 4% ) * 0.5 ) );margin-right: 4%;margin-top:0px;margin-bottom:20px;\"><div class=\"fusion-column-wrapper fusion-flex-column-wrapper-legacy\" style=\"background-position:left top;background-repeat:no-repeat;-webkit-background-size:cover;-moz-background-size:cover;-o-background-size:cover;background-size:cover;background-color:#ffffff;padding: 0px 0px 0px 0px;\"><div class=\"fusion-sep-clear\"><\/div><div class=\"fusion-separator fusion-full-width-sep\" style=\"margin-left: auto;margin-right: auto;margin-top:100px;width:100%;\"><\/div><div class=\"fusion-sep-clear\"><\/div><div class=\"fusion-text fusion-text-8\"><h1>Lebensmittel suchen, anzeigen und vergleichen<\/h1>\n<\/div><div class=\"fusion-sep-clear\"><\/div><div class=\"fusion-separator fusion-clearfix\" style=\"float:left;margin-top:25px;margin-bottom:30px;width:100%;max-width:123px;\"><div class=\"fusion-separator-border sep-single sep-solid\" style=\"border-color:#e53329;border-top-width:8px;\"><\/div><\/div><div class=\"fusion-sep-clear\"><\/div><div class=\"fusion-text fusion-text-9\"><p><span style=\"color: #777777; font-size: 19px;\">Auf www.naehrwertdaten.ch k\u00f6nnen Lebensmittel nach Namen, Synonymen, Lebensmittelkategorien, N\u00e4hrstoffgehalt oder einer Kombination davon gesucht werden. Die Daten werden in grafischer und tabellarischer Form dargestellt. Die Webseite erm\u00f6glicht auch den Vergleich der N\u00e4hrstoffgehalte verschiedener Lebensmittel<\/span><\/p>\n<\/div><div class=\"fusion-clearfix\"><\/div><\/div><\/div><div class=\"fusion-layout-column fusion_builder_column fusion-builder-column-8 fusion_builder_column_1_2 1_2 fusion-one-half fusion-column-last\" style=\"width:50%;width:calc(50% - ( ( 4% ) * 0.5 ) );margin-top:0px;margin-bottom:0px;\"><div class=\"fusion-column-wrapper fusion-flex-column-wrapper-legacy\" style=\"background-image: url(&#039;https:\/\/naehrwertdaten.ch\/wp-content\/uploads\/2018\/04\/unnamed.jpg&#039;);background-position:left top;background-repeat:no-repeat;-webkit-background-size:cover;-moz-background-size:cover;-o-background-size:cover;background-size:cover;padding: 0px 0px 0px 0px;\" data-bg-url=\"https:\/\/naehrwertdaten.ch\/wp-content\/uploads\/2018\/04\/unnamed.jpg\"><div class=\"fusion-sep-clear\"><\/div><div class=\"fusion-separator fusion-full-width-sep\" style=\"margin-left: auto;margin-right: auto;margin-top:605px;width:100%;\"><\/div><div class=\"fusion-sep-clear\"><\/div><div class=\"fusion-clearfix\"><\/div><\/div><\/div><\/div><\/div><\/div><\/p>\n","protected":false},"excerpt":{"rendered":"","protected":false},"author":2,"featured_media":0,"parent":0,"menu_order":0,"comment_status":"closed","ping_status":"closed","template":"100-width.php","meta":{"footnotes":""},"class_list":["post-491","page","type-page","status-publish","hentry"],"yoast_head":"<!-- This site is optimized with the Yoast SEO plugin v23.9 - https:\/\/yoast.com\/wordpress\/plugins\/seo\/ -->\n<title>Home - The Swiss Food Composition Database<\/title>\n<meta name=\"robots\" content=\"index, follow, max-snippet:-1, max-image-preview:large, max-video-preview:-1\" \/>\n<link rel=\"canonical\" href=\"https:\/\/naehrwertdaten.ch\/de\/\" \/>\n<meta property=\"og:locale\" content=\"de_DE\" \/>\n<meta property=\"og:type\" content=\"article\" \/>\n<meta property=\"og:title\" content=\"Home - The Swiss Food Composition Database\" \/>\n<meta property=\"og:url\" content=\"https:\/\/naehrwertdaten.ch\/de\/\" \/>\n<meta property=\"og:site_name\" content=\"The Swiss Food Composition Database\" \/>\n<meta property=\"article:modified_time\" content=\"2025-07-01T14:22:21+00:00\" \/>\n<meta name=\"twitter:card\" content=\"summary_large_image\" \/>\n<meta name=\"twitter:label1\" content=\"Gesch\u00e4tzte Lesezeit\" \/>\n\t<meta name=\"twitter:data1\" content=\"6\u00a0Minuten\" \/>\n<script type=\"application\/ld+json\" class=\"yoast-schema-graph\">{\"@context\":\"https:\/\/schema.org\",\"@graph\":[{\"@type\":\"WebPage\",\"@id\":\"https:\/\/naehrwertdaten.ch\/de\/\",\"url\":\"https:\/\/naehrwertdaten.ch\/de\/\",\"name\":\"Home - The Swiss Food Composition Database\",\"isPartOf\":{\"@id\":\"https:\/\/naehrwertdaten.ch\/de\/#website\"},\"datePublished\":\"2018-03-31T12:18:55+00:00\",\"dateModified\":\"2025-07-01T14:22:21+00:00\",\"breadcrumb\":{\"@id\":\"https:\/\/naehrwertdaten.ch\/de\/#breadcrumb\"},\"inLanguage\":\"de\",\"potentialAction\":[{\"@type\":\"ReadAction\",\"target\":[\"https:\/\/naehrwertdaten.ch\/de\/\"]}]},{\"@type\":\"BreadcrumbList\",\"@id\":\"https:\/\/naehrwertdaten.ch\/de\/#breadcrumb\",\"itemListElement\":[{\"@type\":\"ListItem\",\"position\":1,\"name\":\"Home\",\"item\":\"https:\/\/naehrwertdaten.ch\/de\/\"},{\"@type\":\"ListItem\",\"position\":2,\"name\":\"Home\"}]},{\"@type\":\"WebSite\",\"@id\":\"https:\/\/naehrwertdaten.ch\/de\/#website\",\"url\":\"https:\/\/naehrwertdaten.ch\/de\/\",\"name\":\"The Swiss Food Composition Database\",\"description\":\"The Swiss Food Composition Database is a data collection of the Federal Food Safety and Veterinary Office FSVO on the composition of foods that are available in Switzerland.\",\"potentialAction\":[{\"@type\":\"SearchAction\",\"target\":{\"@type\":\"EntryPoint\",\"urlTemplate\":\"https:\/\/naehrwertdaten.ch\/de\/?s={search_term_string}\"},\"query-input\":{\"@type\":\"PropertyValueSpecification\",\"valueRequired\":true,\"valueName\":\"search_term_string\"}}],\"inLanguage\":\"de\"}]}<\/script>\n<!-- \/ Yoast SEO plugin. -->","yoast_head_json":{"title":"Home - The Swiss Food Composition Database","robots":{"index":"index","follow":"follow","max-snippet":"max-snippet:-1","max-image-preview":"max-image-preview:large","max-video-preview":"max-video-preview:-1"},"canonical":"https:\/\/naehrwertdaten.ch\/de\/","og_locale":"de_DE","og_type":"article","og_title":"Home - The Swiss Food Composition Database","og_url":"https:\/\/naehrwertdaten.ch\/de\/","og_site_name":"The Swiss Food Composition Database","article_modified_time":"2025-07-01T14:22:21+00:00","twitter_card":"summary_large_image","twitter_misc":{"Gesch\u00e4tzte Lesezeit":"6\u00a0Minuten"},"schema":{"@context":"https:\/\/schema.org","@graph":[{"@type":"WebPage","@id":"https:\/\/naehrwertdaten.ch\/de\/","url":"https:\/\/naehrwertdaten.ch\/de\/","name":"Home - The Swiss Food Composition Database","isPartOf":{"@id":"https:\/\/naehrwertdaten.ch\/de\/#website"},"datePublished":"2018-03-31T12:18:55+00:00","dateModified":"2025-07-01T14:22:21+00:00","breadcrumb":{"@id":"https:\/\/naehrwertdaten.ch\/de\/#breadcrumb"},"inLanguage":"de","potentialAction":[{"@type":"ReadAction","target":["https:\/\/naehrwertdaten.ch\/de\/"]}]},{"@type":"BreadcrumbList","@id":"https:\/\/naehrwertdaten.ch\/de\/#breadcrumb","itemListElement":[{"@type":"ListItem","position":1,"name":"Home","item":"https:\/\/naehrwertdaten.ch\/de\/"},{"@type":"ListItem","position":2,"name":"Home"}]},{"@type":"WebSite","@id":"https:\/\/naehrwertdaten.ch\/de\/#website","url":"https:\/\/naehrwertdaten.ch\/de\/","name":"The Swiss Food Composition Database","description":"The Swiss Food Composition Database is a data collection of the Federal Food Safety and Veterinary Office FSVO on the composition of foods that are available in Switzerland.","potentialAction":[{"@type":"SearchAction","target":{"@type":"EntryPoint","urlTemplate":"https:\/\/naehrwertdaten.ch\/de\/?s={search_term_string}"},"query-input":{"@type":"PropertyValueSpecification","valueRequired":true,"valueName":"search_term_string"}}],"inLanguage":"de"}]}},"_links":{"self":[{"href":"https:\/\/naehrwertdaten.ch\/de\/wp-json\/wp\/v2\/pages\/491","targetHints":{"allow":["GET"]}}],"collection":[{"href":"https:\/\/naehrwertdaten.ch\/de\/wp-json\/wp\/v2\/pages"}],"about":[{"href":"https:\/\/naehrwertdaten.ch\/de\/wp-json\/wp\/v2\/types\/page"}],"author":[{"embeddable":true,"href":"https:\/\/naehrwertdaten.ch\/de\/wp-json\/wp\/v2\/users\/2"}],"replies":[{"embeddable":true,"href":"https:\/\/naehrwertdaten.ch\/de\/wp-json\/wp\/v2\/comments?post=491"}],"version-history":[{"count":63,"href":"https:\/\/naehrwertdaten.ch\/de\/wp-json\/wp\/v2\/pages\/491\/revisions"}],"predecessor-version":[{"id":2354,"href":"https:\/\/naehrwertdaten.ch\/de\/wp-json\/wp\/v2\/pages\/491\/revisions\/2354"}],"wp:attachment":[{"href":"https:\/\/naehrwertdaten.ch\/de\/wp-json\/wp\/v2\/media?parent=491"}],"curies":[{"name":"wp","href":"https:\/\/api.w.org\/{rel}","templated":true}]}}